{"id":695,"date":"2021-08-07T22:51:21","date_gmt":"2021-08-07T20:51:21","guid":{"rendered":"http:\/\/musiquesuzuki-lyon-est.fr\/?page_id=695"},"modified":"2023-09-02T18:03:33","modified_gmt":"2023-09-02T16:03:33","slug":"professeur","status":"publish","type":"page","link":"https:\/\/musiquesuzuki-lyon-est.fr\/index.php\/professeur\/","title":{"rendered":"Professeurs"},"content":{"rendered":"\t\t<div data-elementor-type=\"wp-page\" data-elementor-id=\"695\" class=\"elementor elementor-695\">\n\t\t\t\t\t\t<section class=\"elementor-section elementor-top-section elementor-element elementor-element-ec6df42 elementor-section-boxed elementor-section-height-default elementor-section-height-default\" data-id=\"ec6df42\" data-element_type=\"section\">\n\t\t\t\t\t\t<div class=\"elementor-container elementor-column-gap-default\">\n\t\t\t\t\t<div class=\"elementor-column elementor-col-33 elementor-top-column elementor-element elementor-element-c5c79c2\" data-id=\"c5c79c2\" data-element_type=\"column\">\n\t\t\t<div class=\"elementor-widget-wrap elementor-element-populated\">\n\t\t\t\t\t\t<div class=\"elementor-element elementor-element-a9453ed elementor-widget elementor-widget-image\" data-id=\"a9453ed\" data-element_type=\"widget\" data-widget_type=\"image.default\">\n\t\t\t\t<div class=\"elementor-widget-container\">\n\t\t\t\t\t\t\t\t\t\t\t\t\t\t\t<img decoding=\"async\" width=\"150\" height=\"150\" src=\"https:\/\/musiquesuzuki-lyon-est.fr\/wp-content\/uploads\/2021\/08\/PICTO-NOTES-ET-FEUILLES-HAUT-GAUCHE-150x150.png\" class=\"attachment-thumbnail size-thumbnail wp-image-1004\" alt=\"\" srcset=\"https:\/\/musiquesuzuki-lyon-est.fr\/wp-content\/uploads\/2021\/08\/PICTO-NOTES-ET-FEUILLES-HAUT-GAUCHE-150x150.png 150w, https:\/\/musiquesuzuki-lyon-est.fr\/wp-content\/uploads\/2021\/08\/PICTO-NOTES-ET-FEUILLES-HAUT-GAUCHE-300x300.png 300w, https:\/\/musiquesuzuki-lyon-est.fr\/wp-content\/uploads\/2021\/08\/PICTO-NOTES-ET-FEUILLES-HAUT-GAUCHE-230x230.png 230w, https:\/\/musiquesuzuki-lyon-est.fr\/wp-content\/uploads\/2021\/08\/PICTO-NOTES-ET-FEUILLES-HAUT-GAUCHE-350x350.png 350w, https:\/\/musiquesuzuki-lyon-est.fr\/wp-content\/uploads\/2021\/08\/PICTO-NOTES-ET-FEUILLES-HAUT-GAUCHE-480x480.png 480w, https:\/\/musiquesuzuki-lyon-est.fr\/wp-content\/uploads\/2021\/08\/PICTO-NOTES-ET-FEUILLES-HAUT-GAUCHE.png 500w\" sizes=\"(max-width: 150px) 100vw, 150px\" \/>\t\t\t\t\t\t\t\t\t\t\t\t\t\t\t<\/div>\n\t\t\t\t<\/div>\n\t\t\t\t\t<\/div>\n\t\t<\/div>\n\t\t\t\t<div class=\"elementor-column elementor-col-33 elementor-top-column elementor-element elementor-element-e563179\" data-id=\"e563179\" data-element_type=\"column\">\n\t\t\t<div class=\"elementor-widget-wrap elementor-element-populated\">\n\t\t\t\t\t\t<div class=\"elementor-element elementor-element-c81323d elementor-widget elementor-widget-heading\" data-id=\"c81323d\" data-element_type=\"widget\" data-widget_type=\"heading.default\">\n\t\t\t\t<div class=\"elementor-widget-container\">\n\t\t\t\t\t<h2 class=\"elementor-heading-title elementor-size-default\">Professeure de violon<\/h2>\t\t\t\t<\/div>\n\t\t\t\t<\/div>\n\t\t\t\t\t<\/div>\n\t\t<\/div>\n\t\t\t\t<div class=\"elementor-column elementor-col-33 elementor-top-column elementor-element elementor-element-abedd31\" data-id=\"abedd31\" data-element_type=\"column\">\n\t\t\t<div class=\"elementor-widget-wrap elementor-element-populated\">\n\t\t\t\t\t\t<div class=\"elementor-element elementor-element-511845a elementor-widget elementor-widget-image\" data-id=\"511845a\" data-element_type=\"widget\" data-widget_type=\"image.default\">\n\t\t\t\t<div class=\"elementor-widget-container\">\n\t\t\t\t\t\t\t\t\t\t\t\t\t\t\t<img decoding=\"async\" width=\"110\" height=\"150\" src=\"https:\/\/musiquesuzuki-lyon-est.fr\/wp-content\/uploads\/2021\/08\/Favicon.png\" class=\"attachment-large size-large wp-image-682\" alt=\"\" \/>\t\t\t\t\t\t\t\t\t\t\t\t\t\t\t<\/div>\n\t\t\t\t<\/div>\n\t\t\t\t\t<\/div>\n\t\t<\/div>\n\t\t\t\t\t<\/div>\n\t\t<\/section>\n\t\t\t\t<section class=\"elementor-section elementor-top-section elementor-element elementor-element-9b146eb elementor-section-boxed elementor-section-height-default elementor-section-height-default\" data-id=\"9b146eb\" data-element_type=\"section\">\n\t\t\t\t\t\t<div class=\"elementor-container elementor-column-gap-default\">\n\t\t\t\t\t<div class=\"elementor-column elementor-col-66 elementor-top-column elementor-element elementor-element-c852d31\" data-id=\"c852d31\" data-element_type=\"column\">\n\t\t\t<div class=\"elementor-widget-wrap elementor-element-populated\">\n\t\t\t\t\t\t<div class=\"elementor-element elementor-element-46170f0 elementor-widget elementor-widget-text-editor\" data-id=\"46170f0\" data-element_type=\"widget\" data-widget_type=\"text-editor.default\">\n\t\t\t\t<div class=\"elementor-widget-container\">\n\t\t\t\t\t\t\t\t\t<p><\/p>\n<p><strong>Marie Rossot<\/strong> joue du violon depuis son plus jeune \u00e2ge. Elle a d\u00e9but\u00e9 avec la m\u00e9thode Suzuki puis a poursuivit ses \u00e9tudes au CRR de Lyon pour la formation musicale et la culture musicale, et au CRR de M\u00e2con pour le violon et la musique de chambre.<\/p>\n<p>Elle a tr\u00e8s vite \u00e9t\u00e9 attir\u00e9e par l\u2019enseignement, d\u00e8s la premi\u00e8re fois o\u00f9 elle a donn\u00e9 son premier cours \u00ab\u00a0pour essayer\u00a0\u00bb. Apr\u00e8s quelques ann\u00e9es d\u2019enseignement classique, elle s\u2019est assez t\u00f4t questionn\u00e9e sur le sens de son enseignement et les valeurs qu\u2019elle voulait transmettre \u00e0 ses \u00e9l\u00e8ves.\u00a0<\/p>\n<p>C\u2019est dans cette optique qu\u2019elle d\u00e9cide de se former \u00e0 la p\u00e9dagogie Suzuki et elle obtient tous ses dipl\u00f4mes (niveau 5) pour cette p\u00e9dagogie.<br \/>Dans le m\u00eame temps, elle obtient sa m\u00e9daille d\u2019or de violon \u00e0 l\u2019unanimit\u00e9 avec les<br \/>f\u00e9licitations du jury au conservatoire de M\u00e2con et poursuit sa formation musicale \u00e0 l\u2019\u00e9cole Normale de Paris &#8211; Cortot.<\/p>\n<p>Elle obtient son Dipl\u00f4me d\u2019Etat en 2013 et d\u00e9cide de partir pour une exp\u00e9rience de 3 ans \u00e0 Chicago (USA) o\u00f9 elle enseigne au Music Institut of Chicago au sein du programme Suzuki.<\/p>\n<p>Apr\u00e8s une exp\u00e9rience de plus de 20 ans au sein d\u2019\u00e9coles de musique de la r\u00e9gion lyonnaise, elle se d\u00e9cide d\u2019ouvrir sa propre \u00e9cole Suzuki afin de pouvoir mettre en \u0153uvre pleinement son exp\u00e9rience de cette p\u00e9dagogie.<\/p>\n<p>Marie envisage l\u2019apprentissage du violon comme un apprentissage de la vie, qui enseigne la pers\u00e9v\u00e9rance, l\u2019\u00e9coute de soi et des autres, la confiance et le plaisir.<\/p>\n<p><\/p>\t\t\t\t\t\t\t\t<\/div>\n\t\t\t\t<\/div>\n\t\t\t\t\t<\/div>\n\t\t<\/div>\n\t\t\t\t<div class=\"elementor-column elementor-col-33 elementor-top-column elementor-element elementor-element-48c8083\" data-id=\"48c8083\" data-element_type=\"column\">\n\t\t\t<div class=\"elementor-widget-wrap elementor-element-populated\">\n\t\t\t\t\t\t<div class=\"elementor-element elementor-element-2efdad5 elementor-widget elementor-widget-image\" data-id=\"2efdad5\" data-element_type=\"widget\" data-widget_type=\"image.default\">\n\t\t\t\t<div class=\"elementor-widget-container\">\n\t\t\t\t\t\t\t\t\t\t\t\t\t\t\t<img fetchpriority=\"high\" decoding=\"async\" width=\"654\" height=\"1024\" src=\"https:\/\/musiquesuzuki-lyon-est.fr\/wp-content\/uploads\/2021\/07\/683A5979-654x1024.jpg\" class=\"attachment-large size-large wp-image-645\" alt=\"\" srcset=\"https:\/\/musiquesuzuki-lyon-est.fr\/wp-content\/uploads\/2021\/07\/683A5979-654x1024.jpg 654w, https:\/\/musiquesuzuki-lyon-est.fr\/wp-content\/uploads\/2021\/07\/683A5979-192x300.jpg 192w, https:\/\/musiquesuzuki-lyon-est.fr\/wp-content\/uploads\/2021\/07\/683A5979-768x1203.jpg 768w, https:\/\/musiquesuzuki-lyon-est.fr\/wp-content\/uploads\/2021\/07\/683A5979-981x1536.jpg 981w, https:\/\/musiquesuzuki-lyon-est.fr\/wp-content\/uploads\/2021\/07\/683A5979-1307x2048.jpg 1307w, https:\/\/musiquesuzuki-lyon-est.fr\/wp-content\/uploads\/2021\/07\/683A5979-830x1300.jpg 830w, https:\/\/musiquesuzuki-lyon-est.fr\/wp-content\/uploads\/2021\/07\/683A5979-230x360.jpg 230w, https:\/\/musiquesuzuki-lyon-est.fr\/wp-content\/uploads\/2021\/07\/683A5979-350x548.jpg 350w, https:\/\/musiquesuzuki-lyon-est.fr\/wp-content\/uploads\/2021\/07\/683A5979-480x752.jpg 480w, https:\/\/musiquesuzuki-lyon-est.fr\/wp-content\/uploads\/2021\/07\/683A5979-scaled.jpg 1634w\" sizes=\"(max-width: 654px) 100vw, 654px\" \/>\t\t\t\t\t\t\t\t\t\t\t\t\t\t\t<\/div>\n\t\t\t\t<\/div>\n\t\t\t\t\t<\/div>\n\t\t<\/div>\n\t\t\t\t\t<\/div>\n\t\t<\/section>\n\t\t\t\t<section class=\"elementor-section elementor-top-section elementor-element elementor-element-6b0e7f4 elementor-section-boxed elementor-section-height-default elementor-section-height-default\" data-id=\"6b0e7f4\" data-element_type=\"section\">\n\t\t\t\t\t\t<div class=\"elementor-container elementor-column-gap-default\">\n\t\t\t\t\t<div class=\"elementor-column elementor-col-33 elementor-top-column elementor-element elementor-element-9196729\" data-id=\"9196729\" data-element_type=\"column\">\n\t\t\t<div class=\"elementor-widget-wrap elementor-element-populated\">\n\t\t\t\t\t\t<div class=\"elementor-element elementor-element-e5f8965 elementor-widget elementor-widget-image\" data-id=\"e5f8965\" data-element_type=\"widget\" data-widget_type=\"image.default\">\n\t\t\t\t<div class=\"elementor-widget-container\">\n\t\t\t\t\t\t\t\t\t\t\t\t\t\t\t<img decoding=\"async\" width=\"150\" height=\"150\" src=\"https:\/\/musiquesuzuki-lyon-est.fr\/wp-content\/uploads\/2021\/08\/PICTO-NOTES-ET-FEUILLES-HAUT-GAUCHE-150x150.png\" class=\"attachment-thumbnail size-thumbnail wp-image-1004\" alt=\"\" srcset=\"https:\/\/musiquesuzuki-lyon-est.fr\/wp-content\/uploads\/2021\/08\/PICTO-NOTES-ET-FEUILLES-HAUT-GAUCHE-150x150.png 150w, https:\/\/musiquesuzuki-lyon-est.fr\/wp-content\/uploads\/2021\/08\/PICTO-NOTES-ET-FEUILLES-HAUT-GAUCHE-300x300.png 300w, https:\/\/musiquesuzuki-lyon-est.fr\/wp-content\/uploads\/2021\/08\/PICTO-NOTES-ET-FEUILLES-HAUT-GAUCHE-230x230.png 230w, https:\/\/musiquesuzuki-lyon-est.fr\/wp-content\/uploads\/2021\/08\/PICTO-NOTES-ET-FEUILLES-HAUT-GAUCHE-350x350.png 350w, https:\/\/musiquesuzuki-lyon-est.fr\/wp-content\/uploads\/2021\/08\/PICTO-NOTES-ET-FEUILLES-HAUT-GAUCHE-480x480.png 480w, https:\/\/musiquesuzuki-lyon-est.fr\/wp-content\/uploads\/2021\/08\/PICTO-NOTES-ET-FEUILLES-HAUT-GAUCHE.png 500w\" sizes=\"(max-width: 150px) 100vw, 150px\" \/>\t\t\t\t\t\t\t\t\t\t\t\t\t\t\t<\/div>\n\t\t\t\t<\/div>\n\t\t\t\t\t<\/div>\n\t\t<\/div>\n\t\t\t\t<div class=\"elementor-column elementor-col-33 elementor-top-column elementor-element elementor-element-c996f79\" data-id=\"c996f79\" data-element_type=\"column\">\n\t\t\t<div class=\"elementor-widget-wrap elementor-element-populated\">\n\t\t\t\t\t\t<div class=\"elementor-element elementor-element-30ecdba elementor-widget elementor-widget-heading\" data-id=\"30ecdba\" data-element_type=\"widget\" data-widget_type=\"heading.default\">\n\t\t\t\t<div class=\"elementor-widget-container\">\n\t\t\t\t\t<h2 class=\"elementor-heading-title elementor-size-default\">Professeur de violoncelle<\/h2>\t\t\t\t<\/div>\n\t\t\t\t<\/div>\n\t\t\t\t\t<\/div>\n\t\t<\/div>\n\t\t\t\t<div class=\"elementor-column elementor-col-33 elementor-top-column elementor-element elementor-element-44bc327\" data-id=\"44bc327\" data-element_type=\"column\">\n\t\t\t<div class=\"elementor-widget-wrap elementor-element-populated\">\n\t\t\t\t\t\t<div class=\"elementor-element elementor-element-dc95b81 elementor-widget elementor-widget-image\" data-id=\"dc95b81\" data-element_type=\"widget\" data-widget_type=\"image.default\">\n\t\t\t\t<div class=\"elementor-widget-container\">\n\t\t\t\t\t\t\t\t\t\t\t\t\t\t\t<img decoding=\"async\" width=\"110\" height=\"150\" src=\"https:\/\/musiquesuzuki-lyon-est.fr\/wp-content\/uploads\/2021\/08\/Favicon.png\" class=\"attachment-large size-large wp-image-682\" alt=\"\" \/>\t\t\t\t\t\t\t\t\t\t\t\t\t\t\t<\/div>\n\t\t\t\t<\/div>\n\t\t\t\t\t<\/div>\n\t\t<\/div>\n\t\t\t\t\t<\/div>\n\t\t<\/section>\n\t\t\t\t<section class=\"elementor-section elementor-top-section elementor-element elementor-element-609986e elementor-section-boxed elementor-section-height-default elementor-section-height-default\" data-id=\"609986e\" data-element_type=\"section\">\n\t\t\t\t\t\t<div class=\"elementor-container elementor-column-gap-default\">\n\t\t\t\t\t<div class=\"elementor-column elementor-col-100 elementor-top-column elementor-element elementor-element-4f2dd1a\" data-id=\"4f2dd1a\" data-element_type=\"column\">\n\t\t\t<div class=\"elementor-widget-wrap elementor-element-populated\">\n\t\t\t\t\t\t<div class=\"elementor-element elementor-element-6affe01 elementor-widget elementor-widget-text-editor\" data-id=\"6affe01\" data-element_type=\"widget\" data-widget_type=\"text-editor.default\">\n\t\t\t\t<div class=\"elementor-widget-container\">\n\t\t\t\t\t\t\t\t\t<p>Informations sur le nouveau professeur \u00e0 venir &#8230;\u00a0<\/p>\t\t\t\t\t\t\t\t<\/div>\n\t\t\t\t<\/div>\n\t\t\t\t\t<\/div>\n\t\t<\/div>\n\t\t\t\t\t<\/div>\n\t\t<\/section>\n\t\t\t\t<\/div>\n\t\t","protected":false},"excerpt":{"rendered":"<p>Professeure de violon Marie Rossot joue du violon depuis son plus jeune \u00e2ge. Elle a d\u00e9but\u00e9 avec la m\u00e9thode Suzuki puis a [&hellip;]<\/p>\n","protected":false},"author":1,"featured_media":0,"parent":0,"menu_order":0,"comment_status":"closed","ping_status":"closed","template":"elementor_header_footer","meta":{"footnotes":""},"class_list":["post-695","page","type-page","status-publish","hentry"],"aioseo_notices":[],"_links":{"self":[{"href":"https:\/\/musiquesuzuki-lyon-est.fr\/index.php\/wp-json\/wp\/v2\/pages\/695","targetHints":{"allow":["GET"]}}],"collection":[{"href":"https:\/\/musiquesuzuki-lyon-est.fr\/index.php\/wp-json\/wp\/v2\/pages"}],"about":[{"href":"https:\/\/musiquesuzuki-lyon-est.fr\/index.php\/wp-json\/wp\/v2\/types\/page"}],"author":[{"embeddable":true,"href":"https:\/\/musiquesuzuki-lyon-est.fr\/index.php\/wp-json\/wp\/v2\/users\/1"}],"replies":[{"embeddable":true,"href":"https:\/\/musiquesuzuki-lyon-est.fr\/index.php\/wp-json\/wp\/v2\/comments?post=695"}],"version-history":[{"count":48,"href":"https:\/\/musiquesuzuki-lyon-est.fr\/index.php\/wp-json\/wp\/v2\/pages\/695\/revisions"}],"predecessor-version":[{"id":1697,"href":"https:\/\/musiquesuzuki-lyon-est.fr\/index.php\/wp-json\/wp\/v2\/pages\/695\/revisions\/1697"}],"wp:attachment":[{"href":"https:\/\/musiquesuzuki-lyon-est.fr\/index.php\/wp-json\/wp\/v2\/media?parent=695"}],"curies":[{"name":"wp","href":"https:\/\/api.w.org\/{rel}","templated":true}]}}