{"id":697,"date":"2021-08-07T22:51:54","date_gmt":"2021-08-07T20:51:54","guid":{"rendered":"http:\/\/musiquesuzuki-lyon-est.fr\/?page_id=697"},"modified":"2021-09-13T20:19:03","modified_gmt":"2021-09-13T18:19:03","slug":"cours-individuel-collectif-fm","status":"publish","type":"page","link":"https:\/\/musiquesuzuki-lyon-est.fr\/index.php\/cours-individuel-collectif-fm\/","title":{"rendered":"Cours : Individuel\/ Collectif\/ FM"},"content":{"rendered":"\t\t<div data-elementor-type=\"wp-page\" data-elementor-id=\"697\" class=\"elementor elementor-697\">\n\t\t\t\t\t\t<section class=\"elementor-section elementor-top-section elementor-element elementor-element-b0b050f elementor-section-boxed elementor-section-height-default elementor-section-height-default\" data-id=\"b0b050f\" data-element_type=\"section\">\n\t\t\t\t\t\t<div class=\"elementor-container elementor-column-gap-default\">\n\t\t\t\t\t<div class=\"elementor-column elementor-col-50 elementor-top-column elementor-element elementor-element-477dcd2\" data-id=\"477dcd2\" data-element_type=\"column\">\n\t\t\t<div class=\"elementor-widget-wrap elementor-element-populated\">\n\t\t\t\t\t\t<div class=\"elementor-element elementor-element-13ace58 elementor-widget elementor-widget-heading\" data-id=\"13ace58\" data-element_type=\"widget\" data-widget_type=\"heading.default\">\n\t\t\t\t<div class=\"elementor-widget-container\">\n\t\t\t\t\t<h1 class=\"elementor-heading-title elementor-size-default\">Cours<\/h1>\t\t\t\t<\/div>\n\t\t\t\t<\/div>\n\t\t\t\t\t<\/div>\n\t\t<\/div>\n\t\t\t\t<div class=\"elementor-column elementor-col-50 elementor-top-column elementor-element elementor-element-95df50c\" data-id=\"95df50c\" data-element_type=\"column\">\n\t\t\t<div class=\"elementor-widget-wrap elementor-element-populated\">\n\t\t\t\t\t\t<div class=\"elementor-element elementor-element-7bdad3f elementor-widget elementor-widget-image\" data-id=\"7bdad3f\" data-element_type=\"widget\" data-widget_type=\"image.default\">\n\t\t\t\t<div class=\"elementor-widget-container\">\n\t\t\t\t\t\t\t\t\t\t\t\t\t\t\t<img decoding=\"async\" width=\"150\" height=\"150\" src=\"https:\/\/musiquesuzuki-lyon-est.fr\/wp-content\/uploads\/2021\/08\/PICTO-COURS-INDIVIDUEL-ET-COLLECTIF-150x150.png\" class=\"attachment-thumbnail size-thumbnail wp-image-1009\" alt=\"\" srcset=\"https:\/\/musiquesuzuki-lyon-est.fr\/wp-content\/uploads\/2021\/08\/PICTO-COURS-INDIVIDUEL-ET-COLLECTIF-150x150.png 150w, https:\/\/musiquesuzuki-lyon-est.fr\/wp-content\/uploads\/2021\/08\/PICTO-COURS-INDIVIDUEL-ET-COLLECTIF-300x300.png 300w, https:\/\/musiquesuzuki-lyon-est.fr\/wp-content\/uploads\/2021\/08\/PICTO-COURS-INDIVIDUEL-ET-COLLECTIF-230x230.png 230w, https:\/\/musiquesuzuki-lyon-est.fr\/wp-content\/uploads\/2021\/08\/PICTO-COURS-INDIVIDUEL-ET-COLLECTIF-350x350.png 350w, https:\/\/musiquesuzuki-lyon-est.fr\/wp-content\/uploads\/2021\/08\/PICTO-COURS-INDIVIDUEL-ET-COLLECTIF-480x480.png 480w, https:\/\/musiquesuzuki-lyon-est.fr\/wp-content\/uploads\/2021\/08\/PICTO-COURS-INDIVIDUEL-ET-COLLECTIF.png 500w\" sizes=\"(max-width: 150px) 100vw, 150px\" \/>\t\t\t\t\t\t\t\t\t\t\t\t\t\t\t<\/div>\n\t\t\t\t<\/div>\n\t\t\t\t\t<\/div>\n\t\t<\/div>\n\t\t\t\t\t<\/div>\n\t\t<\/section>\n\t\t\t\t<section class=\"elementor-section elementor-top-section elementor-element elementor-element-8c5162f elementor-section-boxed elementor-section-height-default elementor-section-height-default\" data-id=\"8c5162f\" data-element_type=\"section\">\n\t\t\t\t\t\t<div class=\"elementor-container elementor-column-gap-default\">\n\t\t\t\t\t<div class=\"elementor-column elementor-col-66 elementor-top-column elementor-element elementor-element-c04528f\" data-id=\"c04528f\" data-element_type=\"column\">\n\t\t\t<div class=\"elementor-widget-wrap elementor-element-populated\">\n\t\t\t\t\t\t<div class=\"elementor-element elementor-element-d6eeaf7 elementor-widget elementor-widget-heading\" data-id=\"d6eeaf7\" data-element_type=\"widget\" data-widget_type=\"heading.default\">\n\t\t\t\t<div class=\"elementor-widget-container\">\n\t\t\t\t\t<h2 class=\"elementor-heading-title elementor-size-default\">Cours individuel<\/h2>\t\t\t\t<\/div>\n\t\t\t\t<\/div>\n\t\t\t\t<div class=\"elementor-element elementor-element-4fe8630 elementor-widget elementor-widget-text-editor\" data-id=\"4fe8630\" data-element_type=\"widget\" data-widget_type=\"text-editor.default\">\n\t\t\t\t<div class=\"elementor-widget-container\">\n\t\t\t\t\t\t\t\t\t<p>Chaque enfant a un cours individuel chaque semaine. La dur\u00e9e est adapt\u00e9e \u00e0 l\u2019\u00e2ge, au niveau et \u00e0 la capacit\u00e9 de concentration de l\u2019enfant.<\/p><p>Il est conseill\u00e9 pour les plus jeunes, entre 3 et 4 ans, d\u2019avoir un cours de 20min hebdomadaire pour la premi\u00e8re ann\u00e9e.<\/p><p>Pour les enfants \u00e0 partir de 5 ans et plus, le cours individuel est g\u00e9n\u00e9ralement de 30 min.<br \/>Un cours de 45 min est conseill\u00e9 \u00e0 partir du cahier 3 de la m\u00e9thode Suzuki.<br \/>Le professeur vous conseillera pour choisir la dur\u00e9e la plus adapt\u00e9e \u00e0 votre enfant.<\/p>\t\t\t\t\t\t\t\t<\/div>\n\t\t\t\t<\/div>\n\t\t\t\t\t<\/div>\n\t\t<\/div>\n\t\t\t\t<div class=\"elementor-column elementor-col-33 elementor-top-column elementor-element elementor-element-acb05dc\" data-id=\"acb05dc\" data-element_type=\"column\">\n\t\t\t<div class=\"elementor-widget-wrap elementor-element-populated\">\n\t\t\t\t\t\t<div class=\"elementor-element elementor-element-e8a60af elementor-widget elementor-widget-image\" data-id=\"e8a60af\" data-element_type=\"widget\" data-widget_type=\"image.default\">\n\t\t\t\t<div class=\"elementor-widget-container\">\n\t\t\t\t\t\t\t\t\t\t\t\t\t\t\t<img fetchpriority=\"high\" decoding=\"async\" width=\"300\" height=\"300\" src=\"https:\/\/musiquesuzuki-lyon-est.fr\/wp-content\/uploads\/2021\/08\/PICTO-NOTES-ET-FEUILLES-BAS-DROITE-300x300.png\" class=\"attachment-medium size-medium wp-image-1006\" alt=\"\" srcset=\"https:\/\/musiquesuzuki-lyon-est.fr\/wp-content\/uploads\/2021\/08\/PICTO-NOTES-ET-FEUILLES-BAS-DROITE-300x300.png 300w, https:\/\/musiquesuzuki-lyon-est.fr\/wp-content\/uploads\/2021\/08\/PICTO-NOTES-ET-FEUILLES-BAS-DROITE-150x150.png 150w, https:\/\/musiquesuzuki-lyon-est.fr\/wp-content\/uploads\/2021\/08\/PICTO-NOTES-ET-FEUILLES-BAS-DROITE-230x230.png 230w, https:\/\/musiquesuzuki-lyon-est.fr\/wp-content\/uploads\/2021\/08\/PICTO-NOTES-ET-FEUILLES-BAS-DROITE-350x350.png 350w, https:\/\/musiquesuzuki-lyon-est.fr\/wp-content\/uploads\/2021\/08\/PICTO-NOTES-ET-FEUILLES-BAS-DROITE-480x480.png 480w, https:\/\/musiquesuzuki-lyon-est.fr\/wp-content\/uploads\/2021\/08\/PICTO-NOTES-ET-FEUILLES-BAS-DROITE.png 500w\" sizes=\"(max-width: 300px) 100vw, 300px\" \/>\t\t\t\t\t\t\t\t\t\t\t\t\t\t\t<\/div>\n\t\t\t\t<\/div>\n\t\t\t\t\t<\/div>\n\t\t<\/div>\n\t\t\t\t\t<\/div>\n\t\t<\/section>\n\t\t\t\t<section class=\"elementor-section elementor-top-section elementor-element elementor-element-24fa100 elementor-section-boxed elementor-section-height-default elementor-section-height-default\" data-id=\"24fa100\" data-element_type=\"section\">\n\t\t\t\t\t\t<div class=\"elementor-container elementor-column-gap-default\">\n\t\t\t\t\t<div class=\"elementor-column elementor-col-33 elementor-top-column elementor-element elementor-element-11f605f\" data-id=\"11f605f\" data-element_type=\"column\">\n\t\t\t<div class=\"elementor-widget-wrap elementor-element-populated\">\n\t\t\t\t\t\t<div class=\"elementor-element elementor-element-401ec67 elementor-widget elementor-widget-image\" data-id=\"401ec67\" data-element_type=\"widget\" data-widget_type=\"image.default\">\n\t\t\t\t<div class=\"elementor-widget-container\">\n\t\t\t\t\t\t\t\t\t\t\t\t\t\t\t<img decoding=\"async\" width=\"1024\" height=\"472\" src=\"https:\/\/musiquesuzuki-lyon-est.fr\/wp-content\/uploads\/2021\/09\/IMG_20210827_131555-1024x472.jpg\" class=\"attachment-large size-large wp-image-1088\" alt=\"\" srcset=\"https:\/\/musiquesuzuki-lyon-est.fr\/wp-content\/uploads\/2021\/09\/IMG_20210827_131555-1024x472.jpg 1024w, https:\/\/musiquesuzuki-lyon-est.fr\/wp-content\/uploads\/2021\/09\/IMG_20210827_131555-300x138.jpg 300w, https:\/\/musiquesuzuki-lyon-est.fr\/wp-content\/uploads\/2021\/09\/IMG_20210827_131555-768x354.jpg 768w, https:\/\/musiquesuzuki-lyon-est.fr\/wp-content\/uploads\/2021\/09\/IMG_20210827_131555-1536x707.jpg 1536w, https:\/\/musiquesuzuki-lyon-est.fr\/wp-content\/uploads\/2021\/09\/IMG_20210827_131555-2048x943.jpg 2048w, https:\/\/musiquesuzuki-lyon-est.fr\/wp-content\/uploads\/2021\/09\/IMG_20210827_131555-830x382.jpg 830w, https:\/\/musiquesuzuki-lyon-est.fr\/wp-content\/uploads\/2021\/09\/IMG_20210827_131555-230x106.jpg 230w, https:\/\/musiquesuzuki-lyon-est.fr\/wp-content\/uploads\/2021\/09\/IMG_20210827_131555-350x161.jpg 350w, https:\/\/musiquesuzuki-lyon-est.fr\/wp-content\/uploads\/2021\/09\/IMG_20210827_131555-480x221.jpg 480w\" sizes=\"(max-width: 1024px) 100vw, 1024px\" \/>\t\t\t\t\t\t\t\t\t\t\t\t\t\t\t<\/div>\n\t\t\t\t<\/div>\n\t\t\t\t\t<\/div>\n\t\t<\/div>\n\t\t\t\t<div class=\"elementor-column elementor-col-66 elementor-top-column elementor-element elementor-element-67b536a\" data-id=\"67b536a\" data-element_type=\"column\">\n\t\t\t<div class=\"elementor-widget-wrap elementor-element-populated\">\n\t\t\t\t\t\t<div class=\"elementor-element elementor-element-ca8efb7 elementor-widget elementor-widget-heading\" data-id=\"ca8efb7\" data-element_type=\"widget\" data-widget_type=\"heading.default\">\n\t\t\t\t<div class=\"elementor-widget-container\">\n\t\t\t\t\t<h2 class=\"elementor-heading-title elementor-size-default\">Cours collectif<\/h2>\t\t\t\t<\/div>\n\t\t\t\t<\/div>\n\t\t\t\t<div class=\"elementor-element elementor-element-b043523 elementor-widget elementor-widget-text-editor\" data-id=\"b043523\" data-element_type=\"widget\" data-widget_type=\"text-editor.default\">\n\t\t\t\t<div class=\"elementor-widget-container\">\n\t\t\t\t\t\t\t\t\t<p>Le cours collectif est compl\u00e9mentaire au cours individuel, il fait partie int\u00e9grante de l\u2019enseignement de la m\u00e9thode Suzuki.<\/p><p>D\u00e9s la premi\u00e8re ann\u00e9e les enfants ont un cours individuel et un cours collectif.<\/p><p>La dur\u00e9e du cours collectif est de 30 min pour les premi\u00e8res ann\u00e9es puis passe \u00e0 45 min en fonction du niveau et du nombre d\u2019enfants par groupe.<\/p>\t\t\t\t\t\t\t\t<\/div>\n\t\t\t\t<\/div>\n\t\t\t\t\t<\/div>\n\t\t<\/div>\n\t\t\t\t\t<\/div>\n\t\t<\/section>\n\t\t\t\t<section class=\"elementor-section elementor-top-section elementor-element elementor-element-f832e83 elementor-section-boxed elementor-section-height-default elementor-section-height-default\" data-id=\"f832e83\" data-element_type=\"section\">\n\t\t\t\t\t\t<div class=\"elementor-container elementor-column-gap-default\">\n\t\t\t\t\t<div class=\"elementor-column elementor-col-100 elementor-top-column elementor-element elementor-element-635e8c3\" data-id=\"635e8c3\" data-element_type=\"column\">\n\t\t\t<div class=\"elementor-widget-wrap elementor-element-populated\">\n\t\t\t\t\t\t<div class=\"elementor-element elementor-element-bbdad64 elementor-widget elementor-widget-spacer\" data-id=\"bbdad64\" data-element_type=\"widget\" data-widget_type=\"spacer.default\">\n\t\t\t\t<div class=\"elementor-widget-container\">\n\t\t\t\t\t\t\t<div class=\"elementor-spacer\">\n\t\t\t<div class=\"elementor-spacer-inner\"><\/div>\n\t\t<\/div>\n\t\t\t\t\t\t<\/div>\n\t\t\t\t<\/div>\n\t\t\t\t\t<\/div>\n\t\t<\/div>\n\t\t\t\t\t<\/div>\n\t\t<\/section>\n\t\t\t\t<section class=\"elementor-section elementor-top-section elementor-element elementor-element-3d76e33 elementor-section-boxed elementor-section-height-default elementor-section-height-default\" data-id=\"3d76e33\" data-element_type=\"section\">\n\t\t\t\t\t\t<div class=\"elementor-container elementor-column-gap-default\">\n\t\t\t\t\t<div class=\"elementor-column elementor-col-66 elementor-top-column elementor-element elementor-element-11609e5\" data-id=\"11609e5\" data-element_type=\"column\">\n\t\t\t<div class=\"elementor-widget-wrap elementor-element-populated\">\n\t\t\t\t\t\t<div class=\"elementor-element elementor-element-f7df9fb elementor-widget elementor-widget-heading\" data-id=\"f7df9fb\" data-element_type=\"widget\" data-widget_type=\"heading.default\">\n\t\t\t\t<div class=\"elementor-widget-container\">\n\t\t\t\t\t<h2 class=\"elementor-heading-title elementor-size-default\">Formation Musicale<\/h2>\t\t\t\t<\/div>\n\t\t\t\t<\/div>\n\t\t\t\t<div class=\"elementor-element elementor-element-13a1d3b elementor-widget elementor-widget-text-editor\" data-id=\"13a1d3b\" data-element_type=\"widget\" data-widget_type=\"text-editor.default\">\n\t\t\t\t<div class=\"elementor-widget-container\">\n\t\t\t\t\t\t\t\t\t<p>La m\u00e9thode Suzuki permet de commencer l\u2019instrument sans lire la musique afin que l\u2019oreille se d\u00e9veloppe. Cependant lorsque l\u2019enfant a des bases solides avec son instrument, il est indispensable d\u2019associer la pratique et la th\u00e9orie, c\u2019est pourquoi il est fortement conseill\u00e9 qu\u2019\u00e0 partir de 7 ans environ (\u00e0 voir avec le professeur) les enfants aient un cours de formation musicale.<\/p>\t\t\t\t\t\t\t\t<\/div>\n\t\t\t\t<\/div>\n\t\t\t\t<div class=\"elementor-element elementor-element-720d936 elementor-widget elementor-widget-text-editor\" data-id=\"720d936\" data-element_type=\"widget\" id=\"graduations\" data-widget_type=\"text-editor.default\">\n\t\t\t\t<div class=\"elementor-widget-container\">\n\t\t\t\t\t\t\t\t\t<p><span style=\"font-family: Quicksand, sans-serif; font-weight: 600;\">La lecture de notes et de rythmes sera dans un premier temps abord\u00e9e dans les cours individuels et collectifs de l\u2019instrument. Puis un cours de FM plus complet permettra \u00e0 l\u2019enfant d\u2019aborder des notions plus complexes qui viendront enrichir sa culture musicale.<\/span><\/p>\t\t\t\t\t\t\t\t<\/div>\n\t\t\t\t<\/div>\n\t\t\t\t\t<\/div>\n\t\t<\/div>\n\t\t\t\t<div class=\"elementor-column elementor-col-33 elementor-top-column elementor-element elementor-element-0ca6748\" data-id=\"0ca6748\" data-element_type=\"column\">\n\t\t\t<div class=\"elementor-widget-wrap elementor-element-populated\">\n\t\t\t\t\t\t<div class=\"elementor-element elementor-element-93cf2d1 elementor-widget elementor-widget-image\" data-id=\"93cf2d1\" data-element_type=\"widget\" data-widget_type=\"image.default\">\n\t\t\t\t<div class=\"elementor-widget-container\">\n\t\t\t\t\t\t\t\t\t\t\t\t\t\t\t<img loading=\"lazy\" decoding=\"async\" width=\"150\" height=\"150\" src=\"https:\/\/musiquesuzuki-lyon-est.fr\/wp-content\/uploads\/2021\/08\/PICTO-NOTES-ET-FEUILLES-HAUT-GAUCHE-150x150.png\" class=\"attachment-thumbnail size-thumbnail wp-image-1004\" alt=\"\" srcset=\"https:\/\/musiquesuzuki-lyon-est.fr\/wp-content\/uploads\/2021\/08\/PICTO-NOTES-ET-FEUILLES-HAUT-GAUCHE-150x150.png 150w, https:\/\/musiquesuzuki-lyon-est.fr\/wp-content\/uploads\/2021\/08\/PICTO-NOTES-ET-FEUILLES-HAUT-GAUCHE-300x300.png 300w, https:\/\/musiquesuzuki-lyon-est.fr\/wp-content\/uploads\/2021\/08\/PICTO-NOTES-ET-FEUILLES-HAUT-GAUCHE-230x230.png 230w, https:\/\/musiquesuzuki-lyon-est.fr\/wp-content\/uploads\/2021\/08\/PICTO-NOTES-ET-FEUILLES-HAUT-GAUCHE-350x350.png 350w, https:\/\/musiquesuzuki-lyon-est.fr\/wp-content\/uploads\/2021\/08\/PICTO-NOTES-ET-FEUILLES-HAUT-GAUCHE-480x480.png 480w, https:\/\/musiquesuzuki-lyon-est.fr\/wp-content\/uploads\/2021\/08\/PICTO-NOTES-ET-FEUILLES-HAUT-GAUCHE.png 500w\" sizes=\"(max-width: 150px) 100vw, 150px\" \/>\t\t\t\t\t\t\t\t\t\t\t\t\t\t\t<\/div>\n\t\t\t\t<\/div>\n\t\t\t\t\t<\/div>\n\t\t<\/div>\n\t\t\t\t\t<\/div>\n\t\t<\/section>\n\t\t\t\t<section class=\"elementor-section elementor-top-section elementor-element elementor-element-54a9de8 elementor-section-stretched elementor-section-boxed elementor-section-height-default elementor-section-height-default\" data-id=\"54a9de8\" data-element_type=\"section\" data-settings=\"{&quot;stretch_section&quot;:&quot;section-stretched&quot;,&quot;background_background&quot;:&quot;classic&quot;}\">\n\t\t\t\t\t\t<div class=\"elementor-container elementor-column-gap-default\">\n\t\t\t\t\t<div class=\"elementor-column elementor-col-50 elementor-top-column elementor-element elementor-element-ff77be6\" data-id=\"ff77be6\" data-element_type=\"column\">\n\t\t\t<div class=\"elementor-widget-wrap elementor-element-populated\">\n\t\t\t\t\t\t<div class=\"elementor-element elementor-element-9038da8 elementor-widget elementor-widget-heading\" data-id=\"9038da8\" data-element_type=\"widget\" data-widget_type=\"heading.default\">\n\t\t\t\t<div class=\"elementor-widget-container\">\n\t\t\t\t\t<h1 class=\"elementor-heading-title elementor-size-default\">Graduations<\/h1>\t\t\t\t<\/div>\n\t\t\t\t<\/div>\n\t\t\t\t\t<\/div>\n\t\t<\/div>\n\t\t\t\t<div class=\"elementor-column elementor-col-50 elementor-top-column elementor-element elementor-element-2cfa050\" data-id=\"2cfa050\" data-element_type=\"column\">\n\t\t\t<div class=\"elementor-widget-wrap elementor-element-populated\">\n\t\t\t\t\t\t<div class=\"elementor-element elementor-element-73d7519 elementor-widget elementor-widget-image\" data-id=\"73d7519\" data-element_type=\"widget\" data-widget_type=\"image.default\">\n\t\t\t\t<div class=\"elementor-widget-container\">\n\t\t\t\t\t\t\t\t\t\t\t\t\t\t\t<img loading=\"lazy\" decoding=\"async\" width=\"150\" height=\"150\" src=\"https:\/\/musiquesuzuki-lyon-est.fr\/wp-content\/uploads\/2021\/08\/PICTO-PEDAGOGIE-ADAPTEE-150x150.png\" class=\"attachment-thumbnail size-thumbnail wp-image-1005\" alt=\"\" srcset=\"https:\/\/musiquesuzuki-lyon-est.fr\/wp-content\/uploads\/2021\/08\/PICTO-PEDAGOGIE-ADAPTEE-150x150.png 150w, https:\/\/musiquesuzuki-lyon-est.fr\/wp-content\/uploads\/2021\/08\/PICTO-PEDAGOGIE-ADAPTEE-300x300.png 300w, https:\/\/musiquesuzuki-lyon-est.fr\/wp-content\/uploads\/2021\/08\/PICTO-PEDAGOGIE-ADAPTEE-230x230.png 230w, https:\/\/musiquesuzuki-lyon-est.fr\/wp-content\/uploads\/2021\/08\/PICTO-PEDAGOGIE-ADAPTEE-350x350.png 350w, https:\/\/musiquesuzuki-lyon-est.fr\/wp-content\/uploads\/2021\/08\/PICTO-PEDAGOGIE-ADAPTEE-480x480.png 480w, https:\/\/musiquesuzuki-lyon-est.fr\/wp-content\/uploads\/2021\/08\/PICTO-PEDAGOGIE-ADAPTEE.png 500w\" sizes=\"(max-width: 150px) 100vw, 150px\" \/>\t\t\t\t\t\t\t\t\t\t\t\t\t\t\t<\/div>\n\t\t\t\t<\/div>\n\t\t\t\t\t<\/div>\n\t\t<\/div>\n\t\t\t\t\t<\/div>\n\t\t<\/section>\n\t\t\t\t<section class=\"elementor-section elementor-top-section elementor-element elementor-element-391aa11 elementor-section-stretched elementor-section-boxed elementor-section-height-default elementor-section-height-default\" data-id=\"391aa11\" data-element_type=\"section\" data-settings=\"{&quot;stretch_section&quot;:&quot;section-stretched&quot;,&quot;background_background&quot;:&quot;classic&quot;}\">\n\t\t\t\t\t\t<div class=\"elementor-container elementor-column-gap-default\">\n\t\t\t\t\t<div class=\"elementor-column elementor-col-100 elementor-top-column elementor-element elementor-element-a2dc21b\" data-id=\"a2dc21b\" data-element_type=\"column\">\n\t\t\t<div class=\"elementor-widget-wrap elementor-element-populated\">\n\t\t\t\t\t\t<div class=\"elementor-element elementor-element-e71f38f elementor-widget elementor-widget-text-editor\" data-id=\"e71f38f\" data-element_type=\"widget\" data-widget_type=\"text-editor.default\">\n\t\t\t\t<div class=\"elementor-widget-container\">\n\t\t\t\t\t\t\t\t\t<p>C\u2019est un moment important dans l\u2019apprentissage du violon car elles permettent d\u2019appr\u00e9cier les comp\u00e9tences violonistiques, de m\u00e9moire, d\u2019expression musicale, qu\u2019un \u00e9l\u00e8ve a acquis \u00e0 la fin de tout un volume de la m\u00e9thode Suzuki. C\u2019est un aboutissement et une reconnaissance du travail et de l\u2019investissement d\u2019un \u00e9l\u00e8ve. Ce dernier doit jouer en public et avec piano les morceaux choisis au pr\u00e9alable qui refl\u00e8tent le niveau pr\u00e9sent\u00e9.<\/p><p>Elles ont une valeur interne \u00e0 la classe de violon et sont aussi un rep\u00e8re national, europ\u00e9en voir international des classes Suzuki dans le monde. Elles sont une source de motivation, de d\u00e9passement de soi et permettent de valider une \u00e9tape dans l\u2019apprentissage du violon.<br \/>Les Graduations valident un travail de longue haleine puisque l\u2019\u00e9l\u00e8ve a tout d\u2019abord appris les pi\u00e8ces du volume puis quelques temps plus tard il pr\u00e9sente sa Graduation. Les morceaux sont donc r\u00e9vis\u00e9s et perfectionn\u00e9s. L\u2019objectif des graduations est de hisser le niveau de r\u00e9alisation des morceaux \u00e0 un niveau sup\u00e9rieur montrant la maitrise technique et musicale de l\u2019\u00e9l\u00e8ve.<\/p>\t\t\t\t\t\t\t\t<\/div>\n\t\t\t\t<\/div>\n\t\t\t\t\t<\/div>\n\t\t<\/div>\n\t\t\t\t\t<\/div>\n\t\t<\/section>\n\t\t\t\t<section class=\"elementor-section elementor-top-section elementor-element elementor-element-3759918 elementor-section-stretched elementor-section-boxed elementor-section-height-default elementor-section-height-default\" data-id=\"3759918\" data-element_type=\"section\" data-settings=\"{&quot;stretch_section&quot;:&quot;section-stretched&quot;,&quot;background_background&quot;:&quot;classic&quot;}\">\n\t\t\t\t\t\t<div class=\"elementor-container elementor-column-gap-default\">\n\t\t\t\t\t<div class=\"elementor-column elementor-col-100 elementor-top-column elementor-element elementor-element-d0d40f4\" data-id=\"d0d40f4\" data-element_type=\"column\">\n\t\t\t<div class=\"elementor-widget-wrap elementor-element-populated\">\n\t\t\t\t\t\t<div class=\"elementor-element elementor-element-6946df1 elementor-widget elementor-widget-text-editor\" data-id=\"6946df1\" data-element_type=\"widget\" data-widget_type=\"text-editor.default\">\n\t\t\t\t<div class=\"elementor-widget-container\">\n\t\t\t\t\t\t\t\t\t<h3><strong>Pourquoi participer aux Graduations\u00a0?<\/strong><\/h3><p>C\u2019est un moment de mise en valeur de l\u2019\u00e9l\u00e8ve. Si un \u00e9l\u00e8ve se pr\u00e9sente, c\u2019est qu\u2019il est pr\u00eat.<\/p><p>C\u2019est un accomplissement de soi.<\/p><p>C\u2019est un moment privil\u00e9gi\u00e9 sur sc\u00e8ne et en soliste. L\u2019\u00e9l\u00e8ve apprend \u00e0 se pr\u00e9senter en public et \u00e0 d\u00e9passer ses peurs et appr\u00e9hensions.<\/p><p>C\u2019est valider des comp\u00e9tences techniques et musicales.<\/p><p>C\u2019est savoir s\u2019engager et respecter son engagement envers soi-m\u00eame et les autres.<\/p><h3><strong>Comment vont se d\u00e9rouler les Graduations\u00a0?<\/strong><\/h3><p>Tout d\u2019abord ce sera un moment festif, car si cela est s\u00e9rieux il ne faut pas oublier que la musique est l\u00e0 pour nous procurer du plaisir\u00a0et nous r\u00e9unir\u00a0!<\/p><p>L\u2019\u00e9l\u00e8ve rev\u00eat sa tenue de concert.<\/p><p>Vous invitez famille et amis pour encourager votre enfant et montrer l\u2019importance de l\u2019\u00e9v\u00e8nement.<\/p><h3><strong>Qui obtient sa Graduation\u00a0?<\/strong><\/h3><p>Apr\u00e8s concertation avec le professeur, l\u2019\u00e9l\u00e8ve pr\u00e9sente soit une Graduation compl\u00e8te soit une Graduation partielle (sorte d\u2019entrainement \u00e0 la Graduation enti\u00e8re). Sont consid\u00e9r\u00e9s\u00a0:<\/p><p><strong>Graduation compl\u00e8te<\/strong>\u00a0: Lorsque l\u2019\u00e9l\u00e8ve pr\u00e9sente tous les morceaux impos\u00e9s pour un volume donn\u00e9.<\/p><p><strong>Graduation partielle<\/strong>\u00a0: Lorsque l\u2019\u00e9l\u00e8ve ne pr\u00e9sente que quelques morceaux parmi les morceaux impos\u00e9s pour un volume donn\u00e9.<\/p><p><strong>Graduation Twinkle<\/strong>\u00a0: Une Graduation sp\u00e9ciale sera d\u00e9livr\u00e9e pour les variations. C\u2019est un moment important qui valide l\u2019acquisition d\u2019une bonne tenue instrumentale et les bases fondamentales de la technique du violon. L\u2019enfant doit jouer toutes les variations plus le th\u00e8me de \u00ab\u00a0Ah vous dirai je maman\u00a0\u00bb<br \/>L\u2019\u00e9l\u00e8ve obtient un \u00ab\u00a0<strong>dipl\u00f4me de Graduation<\/strong>\u00a0\u00bb qui lui est remis lorsque l\u2019\u00e9l\u00e8ve pr\u00e9sente une Graduation compl\u00e8te ou une Graduation Twinkle.<\/p>\t\t\t\t\t\t\t\t<\/div>\n\t\t\t\t<\/div>\n\t\t\t\t\t<\/div>\n\t\t<\/div>\n\t\t\t\t\t<\/div>\n\t\t<\/section>\n\t\t\t\t<\/div>\n\t\t","protected":false},"excerpt":{"rendered":"<p>Cours Cours individuel Chaque enfant a un cours individuel chaque semaine. La dur\u00e9e est adapt\u00e9e \u00e0 l\u2019\u00e2ge, au niveau et \u00e0 la [&hellip;]<\/p>\n","protected":false},"author":1,"featured_media":0,"parent":0,"menu_order":0,"comment_status":"closed","ping_status":"closed","template":"elementor_header_footer","meta":{"footnotes":""},"class_list":["post-697","page","type-page","status-publish","hentry"],"aioseo_notices":[],"_links":{"self":[{"href":"https:\/\/musiquesuzuki-lyon-est.fr\/index.php\/wp-json\/wp\/v2\/pages\/697","targetHints":{"allow":["GET"]}}],"collection":[{"href":"https:\/\/musiquesuzuki-lyon-est.fr\/index.php\/wp-json\/wp\/v2\/pages"}],"about":[{"href":"https:\/\/musiquesuzuki-lyon-est.fr\/index.php\/wp-json\/wp\/v2\/types\/page"}],"author":[{"embeddable":true,"href":"https:\/\/musiquesuzuki-lyon-est.fr\/index.php\/wp-json\/wp\/v2\/users\/1"}],"replies":[{"embeddable":true,"href":"https:\/\/musiquesuzuki-lyon-est.fr\/index.php\/wp-json\/wp\/v2\/comments?post=697"}],"version-history":[{"count":61,"href":"https:\/\/musiquesuzuki-lyon-est.fr\/index.php\/wp-json\/wp\/v2\/pages\/697\/revisions"}],"predecessor-version":[{"id":1219,"href":"https:\/\/musiquesuzuki-lyon-est.fr\/index.php\/wp-json\/wp\/v2\/pages\/697\/revisions\/1219"}],"wp:attachment":[{"href":"https:\/\/musiquesuzuki-lyon-est.fr\/index.php\/wp-json\/wp\/v2\/media?parent=697"}],"curies":[{"name":"wp","href":"https:\/\/api.w.org\/{rel}","templated":true}]}}