{"id":699,"date":"2021-08-07T22:52:07","date_gmt":"2021-08-07T20:52:07","guid":{"rendered":"http:\/\/musiquesuzuki-lyon-est.fr\/?page_id=699"},"modified":"2021-08-31T23:16:54","modified_gmt":"2021-08-31T21:16:54","slug":"graduations-principe-deroulement-quand","status":"publish","type":"page","link":"https:\/\/musiquesuzuki-lyon-est.fr\/index.php\/graduations-principe-deroulement-quand\/","title":{"rendered":"Graduations : Principe\/d\u00e9roulement\/quand"},"content":{"rendered":"\t\t<div data-elementor-type=\"wp-page\" data-elementor-id=\"699\" class=\"elementor elementor-699\">\n\t\t\t\t\t\t<section class=\"elementor-section elementor-top-section elementor-element elementor-element-241f534 elementor-section-boxed elementor-section-height-default elementor-section-height-default\" data-id=\"241f534\" data-element_type=\"section\">\n\t\t\t\t\t\t<div class=\"elementor-container elementor-column-gap-default\">\n\t\t\t\t\t<div class=\"elementor-column elementor-col-100 elementor-top-column elementor-element elementor-element-bfb1fa2\" data-id=\"bfb1fa2\" data-element_type=\"column\">\n\t\t\t<div class=\"elementor-widget-wrap elementor-element-populated\">\n\t\t\t\t\t\t<section class=\"elementor-section elementor-inner-section elementor-element elementor-element-da8e279 elementor-section-boxed elementor-section-height-default elementor-section-height-default\" data-id=\"da8e279\" data-element_type=\"section\">\n\t\t\t\t\t\t<div class=\"elementor-container elementor-column-gap-default\">\n\t\t\t\t\t<div class=\"elementor-column elementor-col-50 elementor-inner-column elementor-element elementor-element-18c5770\" data-id=\"18c5770\" data-element_type=\"column\">\n\t\t\t<div class=\"elementor-widget-wrap elementor-element-populated\">\n\t\t\t\t\t\t<div class=\"elementor-element elementor-element-64f003f elementor-widget elementor-widget-heading\" data-id=\"64f003f\" data-element_type=\"widget\" data-widget_type=\"heading.default\">\n\t\t\t\t<div class=\"elementor-widget-container\">\n\t\t\t\t\t<h2 class=\"elementor-heading-title elementor-size-default\">Graduations<\/h2>\t\t\t\t<\/div>\n\t\t\t\t<\/div>\n\t\t\t\t\t<\/div>\n\t\t<\/div>\n\t\t\t\t<div class=\"elementor-column elementor-col-50 elementor-inner-column elementor-element elementor-element-878a0a8\" data-id=\"878a0a8\" data-element_type=\"column\">\n\t\t\t<div class=\"elementor-widget-wrap elementor-element-populated\">\n\t\t\t\t\t\t<div class=\"elementor-element elementor-element-1c99905 elementor-widget elementor-widget-image\" data-id=\"1c99905\" data-element_type=\"widget\" data-widget_type=\"image.default\">\n\t\t\t\t<div class=\"elementor-widget-container\">\n\t\t\t\t\t\t\t\t\t\t\t\t\t\t\t<img decoding=\"async\" width=\"150\" height=\"150\" src=\"https:\/\/musiquesuzuki-lyon-est.fr\/wp-content\/uploads\/2021\/08\/PICTO-PEDAGOGIE-ADAPTEE-150x150.png\" class=\"attachment-thumbnail size-thumbnail wp-image-1005\" alt=\"\" srcset=\"https:\/\/musiquesuzuki-lyon-est.fr\/wp-content\/uploads\/2021\/08\/PICTO-PEDAGOGIE-ADAPTEE-150x150.png 150w, https:\/\/musiquesuzuki-lyon-est.fr\/wp-content\/uploads\/2021\/08\/PICTO-PEDAGOGIE-ADAPTEE-300x300.png 300w, https:\/\/musiquesuzuki-lyon-est.fr\/wp-content\/uploads\/2021\/08\/PICTO-PEDAGOGIE-ADAPTEE-230x230.png 230w, https:\/\/musiquesuzuki-lyon-est.fr\/wp-content\/uploads\/2021\/08\/PICTO-PEDAGOGIE-ADAPTEE-350x350.png 350w, https:\/\/musiquesuzuki-lyon-est.fr\/wp-content\/uploads\/2021\/08\/PICTO-PEDAGOGIE-ADAPTEE-480x480.png 480w, https:\/\/musiquesuzuki-lyon-est.fr\/wp-content\/uploads\/2021\/08\/PICTO-PEDAGOGIE-ADAPTEE.png 500w\" sizes=\"(max-width: 150px) 100vw, 150px\" \/>\t\t\t\t\t\t\t\t\t\t\t\t\t\t\t<\/div>\n\t\t\t\t<\/div>\n\t\t\t\t\t<\/div>\n\t\t<\/div>\n\t\t\t\t\t<\/div>\n\t\t<\/section>\n\t\t\t\t\t<\/div>\n\t\t<\/div>\n\t\t\t\t\t<\/div>\n\t\t<\/section>\n\t\t\t\t<section class=\"elementor-section elementor-top-section elementor-element elementor-element-3c4ad9c elementor-section-boxed elementor-section-height-default elementor-section-height-default\" data-id=\"3c4ad9c\" data-element_type=\"section\">\n\t\t\t\t\t\t<div class=\"elementor-container elementor-column-gap-default\">\n\t\t\t\t\t<div class=\"elementor-column elementor-col-100 elementor-top-column elementor-element elementor-element-3cb6947\" data-id=\"3cb6947\" data-element_type=\"column\">\n\t\t\t<div class=\"elementor-widget-wrap elementor-element-populated\">\n\t\t\t\t\t\t<div class=\"elementor-element elementor-element-f206ab6 elementor-widget elementor-widget-text-editor\" data-id=\"f206ab6\" data-element_type=\"widget\" data-widget_type=\"text-editor.default\">\n\t\t\t\t<div class=\"elementor-widget-container\">\n\t\t\t\t\t\t\t\t\t<p>C\u2019est un moment important dans l\u2019apprentissage du violon car elles permettent d\u2019appr\u00e9cier les comp\u00e9tences violonistiques, de m\u00e9moire, d\u2019expression musicale, qu\u2019un \u00e9l\u00e8ve a acquis \u00e0 la fin de tout un volume de la m\u00e9thode Suzuki. C\u2019est un aboutissement et une reconnaissance du travail et de l\u2019investissement d\u2019un \u00e9l\u00e8ve. Ce dernier doit jouer en public et avec piano les morceaux choisis au pr\u00e9alable qui refl\u00e8tent le niveau pr\u00e9sent\u00e9.<br \/>Elles ont une valeur interne \u00e0 la classe de violon et sont aussi un rep\u00e8re national, europ\u00e9en voir international des classes Suzuki dans le monde. Elles sont une source de motivation, de d\u00e9passement de soi et permettent de valider une \u00e9tape dans l\u2019apprentissage du violon.<br \/>Les Graduations valident un travail de longue haleine puisque l\u2019\u00e9l\u00e8ve a tout d\u2019abord appris les pi\u00e8ces du volume puis quelques temps plus tard il pr\u00e9sente sa Graduation. Les morceaux sont donc r\u00e9vis\u00e9s et perfectionn\u00e9s. L\u2019objectif des graduations est de hisser le niveau de r\u00e9alisation des morceaux \u00e0 un niveau sup\u00e9rieur montrant la maitrise technique et musicale de l\u2019\u00e9l\u00e8ve.<\/p>\t\t\t\t\t\t\t\t<\/div>\n\t\t\t\t<\/div>\n\t\t\t\t\t<\/div>\n\t\t<\/div>\n\t\t\t\t\t<\/div>\n\t\t<\/section>\n\t\t\t\t<section class=\"elementor-section elementor-top-section elementor-element elementor-element-711ea5f8 elementor-section-boxed elementor-section-height-default elementor-section-height-default\" data-id=\"711ea5f8\" data-element_type=\"section\">\n\t\t\t\t\t\t<div class=\"elementor-container elementor-column-gap-default\">\n\t\t\t\t\t<div class=\"elementor-column elementor-col-100 elementor-top-column elementor-element elementor-element-2992fdb7\" data-id=\"2992fdb7\" data-element_type=\"column\">\n\t\t\t<div class=\"elementor-widget-wrap elementor-element-populated\">\n\t\t\t\t\t\t<div class=\"elementor-element elementor-element-6726a2f0 elementor-widget elementor-widget-text-editor\" data-id=\"6726a2f0\" data-element_type=\"widget\" data-widget_type=\"text-editor.default\">\n\t\t\t\t<div class=\"elementor-widget-container\">\n\t\t\t\t\t\t\t\t\t<p><\/p>\n<h3 class=\"wp-block-heading\"><strong>Pourquoi participer aux Graduations\u00a0?<\/strong><\/h3>\n<p><\/p>\n<p><\/p>\n<p>C\u2019est un moment de mise en valeur de l\u2019\u00e9l\u00e8ve. Si un \u00e9l\u00e8ve se pr\u00e9sente, c\u2019est qu\u2019il est pr\u00eat.<\/p>\n<p><\/p>\n<p><\/p>\n<p>C\u2019est un accomplissement de soi.<\/p>\n<p><\/p>\n<p><\/p>\n<p>C\u2019est un moment privil\u00e9gi\u00e9 sur sc\u00e8ne et en soliste. L\u2019\u00e9l\u00e8ve apprend \u00e0 se pr\u00e9senter en public et \u00e0 d\u00e9passer ses peurs et appr\u00e9hensions.<\/p>\n<p><\/p>\n<p><\/p>\n<p>C\u2019est valider des comp\u00e9tences techniques et musicales.<\/p>\n<p><\/p>\n<p><\/p>\n<p>C\u2019est savoir s\u2019engager et respecter son engagement envers soi-m\u00eame et les autres.<\/p>\n<p><\/p>\n<p><\/p>\n<h3><strong>Comment vont se d\u00e9rouler les Graduations\u00a0?<\/strong><\/h3>\n<p><\/p>\n<p><\/p>\n<p>Tout d\u2019abord ce sera un moment festif, car si cela est s\u00e9rieux il ne faut pas oublier que la musique est l\u00e0 pour nous procurer du plaisir\u00a0et nous r\u00e9unir\u00a0!<\/p>\n<p><\/p>\n<p><\/p>\n<p>L\u2019\u00e9l\u00e8ve rev\u00eat sa tenue de concert.<\/p>\n<p><\/p>\n<p><\/p>\n<p>Vous invitez famille et amis pour encourager votre enfant et montrer l\u2019importance de l\u2019\u00e9v\u00e8nement.<\/p>\n<p><\/p>\n<p><\/p>\n<h3><strong>Qui obtient sa Graduation\u00a0?<\/strong><\/h3>\n<p><\/p>\n<p><\/p>\n<p>Apr\u00e8s concertation avec le professeur, l\u2019\u00e9l\u00e8ve pr\u00e9sente soit une Graduation compl\u00e8te soit une Graduation partielle (sorte d\u2019entrainement \u00e0 la Graduation enti\u00e8re). Sont consid\u00e9r\u00e9s\u00a0:<\/p>\n<p><\/p>\n<p><\/p>\n<p><strong>Graduation compl\u00e8te<\/strong>\u00a0: Lorsque l\u2019\u00e9l\u00e8ve pr\u00e9sente tous les morceaux impos\u00e9s pour un volume donn\u00e9.<\/p>\n<p><\/p>\n<p><\/p>\n<p><strong>Graduation partielle<\/strong>\u00a0: Lorsque l\u2019\u00e9l\u00e8ve ne pr\u00e9sente que quelques morceaux parmi les morceaux impos\u00e9s pour un volume donn\u00e9.<\/p>\n<p><\/p>\n<p><\/p>\n<p><strong>Graduation Twinkle<\/strong>\u00a0: Une Graduation sp\u00e9ciale sera d\u00e9livr\u00e9e pour les variations. C\u2019est un moment important qui valide l\u2019acquisition d\u2019une bonne tenue instrumentale et les bases fondamentales de la technique du violon. L\u2019enfant doit jouer toutes les variations plus le th\u00e8me de \u00ab\u00a0Ah vous dirai je maman\u00a0\u00bb<br \/>L\u2019\u00e9l\u00e8ve obtient un \u00ab\u00a0<strong>dipl\u00f4me de Graduation<\/strong>\u00a0\u00bb qui lui est remis lorsque l\u2019\u00e9l\u00e8ve pr\u00e9sente une Graduation compl\u00e8te ou une Graduation Twinkle.<\/p>\n<p><\/p>\t\t\t\t\t\t\t\t<\/div>\n\t\t\t\t<\/div>\n\t\t\t\t\t<\/div>\n\t\t<\/div>\n\t\t\t\t\t<\/div>\n\t\t<\/section>\n\t\t\t\t<\/div>\n\t\t","protected":false},"excerpt":{"rendered":"<p>Graduations C\u2019est un moment important dans l\u2019apprentissage du violon car elles permettent d\u2019appr\u00e9cier les comp\u00e9tences violonistiques, de m\u00e9moire, d\u2019expression musicale, qu\u2019un \u00e9l\u00e8ve [&hellip;]<\/p>\n","protected":false},"author":1,"featured_media":0,"parent":0,"menu_order":0,"comment_status":"closed","ping_status":"closed","template":"elementor_header_footer","meta":{"footnotes":""},"class_list":["post-699","page","type-page","status-publish","hentry"],"aioseo_notices":[],"_links":{"self":[{"href":"https:\/\/musiquesuzuki-lyon-est.fr\/index.php\/wp-json\/wp\/v2\/pages\/699","targetHints":{"allow":["GET"]}}],"collection":[{"href":"https:\/\/musiquesuzuki-lyon-est.fr\/index.php\/wp-json\/wp\/v2\/pages"}],"about":[{"href":"https:\/\/musiquesuzuki-lyon-est.fr\/index.php\/wp-json\/wp\/v2\/types\/page"}],"author":[{"embeddable":true,"href":"https:\/\/musiquesuzuki-lyon-est.fr\/index.php\/wp-json\/wp\/v2\/users\/1"}],"replies":[{"embeddable":true,"href":"https:\/\/musiquesuzuki-lyon-est.fr\/index.php\/wp-json\/wp\/v2\/comments?post=699"}],"version-history":[{"count":8,"href":"https:\/\/musiquesuzuki-lyon-est.fr\/index.php\/wp-json\/wp\/v2\/pages\/699\/revisions"}],"predecessor-version":[{"id":1077,"href":"https:\/\/musiquesuzuki-lyon-est.fr\/index.php\/wp-json\/wp\/v2\/pages\/699\/revisions\/1077"}],"wp:attachment":[{"href":"https:\/\/musiquesuzuki-lyon-est.fr\/index.php\/wp-json\/wp\/v2\/media?parent=699"}],"curies":[{"name":"wp","href":"https:\/\/api.w.org\/{rel}","templated":true}]}}