{"id":707,"date":"2021-08-07T22:52:53","date_gmt":"2021-08-07T20:52:53","guid":{"rendered":"http:\/\/musiquesuzuki-lyon-est.fr\/?page_id=707"},"modified":"2025-06-25T10:34:38","modified_gmt":"2025-06-25T08:34:38","slug":"inscription","status":"publish","type":"page","link":"https:\/\/musiquesuzuki-lyon-est.fr\/index.php\/inscription\/","title":{"rendered":"Adh\u00e9sions et inscription"},"content":{"rendered":"\t\t<div data-elementor-type=\"wp-page\" data-elementor-id=\"707\" class=\"elementor elementor-707\">\n\t\t\t\t\t\t<section class=\"elementor-section elementor-top-section elementor-element elementor-element-747691a elementor-section-boxed elementor-section-height-default elementor-section-height-default\" data-id=\"747691a\" data-element_type=\"section\">\n\t\t\t\t\t\t<div class=\"elementor-container elementor-column-gap-default\">\n\t\t\t\t\t<div class=\"elementor-column elementor-col-100 elementor-top-column elementor-element elementor-element-c3556d9\" data-id=\"c3556d9\" data-element_type=\"column\">\n\t\t\t<div class=\"elementor-widget-wrap elementor-element-populated\">\n\t\t\t\t\t\t<div class=\"elementor-element elementor-element-7a59a3f elementor-widget elementor-widget-button\" data-id=\"7a59a3f\" data-element_type=\"widget\" data-widget_type=\"button.default\">\n\t\t\t\t<div class=\"elementor-widget-container\">\n\t\t\t\t\t\t\t\t\t<div class=\"elementor-button-wrapper\">\n\t\t\t\t\t<a class=\"elementor-button elementor-button-link elementor-size-sm\" href=\"https:\/\/docs.google.com\/forms\/d\/e\/1FAIpQLSdLufxav0F_CbRcKoSIftI6lW6Wy3LKjhHic_uMVIbCr225Ww\/viewform?usp=sf_link\" target=\"_blank\">\n\t\t\t\t\t\t<span class=\"elementor-button-content-wrapper\">\n\t\t\t\t\t\t\t\t\t<span class=\"elementor-button-text\">Formulaire d'inscription administrative (anciens \u00e9l\u00e8ves)<\/span>\n\t\t\t\t\t<\/span>\n\t\t\t\t\t<\/a>\n\t\t\t\t<\/div>\n\t\t\t\t\t\t\t\t<\/div>\n\t\t\t\t<\/div>\n\t\t\t\t\t<\/div>\n\t\t<\/div>\n\t\t\t\t\t<\/div>\n\t\t<\/section>\n\t\t\t\t<section class=\"elementor-section elementor-top-section elementor-element elementor-element-793217f elementor-section-boxed elementor-section-height-default elementor-section-height-default\" data-id=\"793217f\" data-element_type=\"section\">\n\t\t\t\t\t\t<div class=\"elementor-container elementor-column-gap-default\">\n\t\t\t\t\t<div class=\"elementor-column elementor-col-100 elementor-top-column elementor-element elementor-element-367d1df\" data-id=\"367d1df\" data-element_type=\"column\">\n\t\t\t<div class=\"elementor-widget-wrap elementor-element-populated\">\n\t\t\t\t\t\t<div class=\"elementor-element elementor-element-3e6d3f1 elementor-widget elementor-widget-button\" data-id=\"3e6d3f1\" data-element_type=\"widget\" data-widget_type=\"button.default\">\n\t\t\t\t<div class=\"elementor-widget-container\">\n\t\t\t\t\t\t\t\t\t<div class=\"elementor-button-wrapper\">\n\t\t\t\t\t<a class=\"elementor-button elementor-button-link elementor-size-sm\" href=\"https:\/\/forms.gle\/qWgx4fCeraMCpYce8\">\n\t\t\t\t\t\t<span class=\"elementor-button-content-wrapper\">\n\t\t\t\t\t\t\t\t\t<span class=\"elementor-button-text\">Pr\u00e9-inscriptions et informations rentr\u00e9e  2025\/2026<\/span>\n\t\t\t\t\t<\/span>\n\t\t\t\t\t<\/a>\n\t\t\t\t<\/div>\n\t\t\t\t\t\t\t\t<\/div>\n\t\t\t\t<\/div>\n\t\t\t\t\t<\/div>\n\t\t<\/div>\n\t\t\t\t\t<\/div>\n\t\t<\/section>\n\t\t\t\t<\/div>\n\t\t","protected":false},"excerpt":{"rendered":"<p>Formulaire d&rsquo;inscription administrative (anciens \u00e9l\u00e8ves) Pr\u00e9-inscriptions et informations rentr\u00e9e 2025\/2026<\/p>\n","protected":false},"author":1,"featured_media":0,"parent":0,"menu_order":0,"comment_status":"closed","ping_status":"closed","template":"","meta":{"footnotes":""},"class_list":["post-707","page","type-page","status-publish","hentry"],"aioseo_notices":[],"_links":{"self":[{"href":"https:\/\/musiquesuzuki-lyon-est.fr\/index.php\/wp-json\/wp\/v2\/pages\/707","targetHints":{"allow":["GET"]}}],"collection":[{"href":"https:\/\/musiquesuzuki-lyon-est.fr\/index.php\/wp-json\/wp\/v2\/pages"}],"about":[{"href":"https:\/\/musiquesuzuki-lyon-est.fr\/index.php\/wp-json\/wp\/v2\/types\/page"}],"author":[{"embeddable":true,"href":"https:\/\/musiquesuzuki-lyon-est.fr\/index.php\/wp-json\/wp\/v2\/users\/1"}],"replies":[{"embeddable":true,"href":"https:\/\/musiquesuzuki-lyon-est.fr\/index.php\/wp-json\/wp\/v2\/comments?post=707"}],"version-history":[{"count":71,"href":"https:\/\/musiquesuzuki-lyon-est.fr\/index.php\/wp-json\/wp\/v2\/pages\/707\/revisions"}],"predecessor-version":[{"id":2245,"href":"https:\/\/musiquesuzuki-lyon-est.fr\/index.php\/wp-json\/wp\/v2\/pages\/707\/revisions\/2245"}],"wp:attachment":[{"href":"https:\/\/musiquesuzuki-lyon-est.fr\/index.php\/wp-json\/wp\/v2\/media?parent=707"}],"curies":[{"name":"wp","href":"https:\/\/api.w.org\/{rel}","templated":true}]}}